{"id":1779,"date":"2022-02-24T11:31:40","date_gmt":"2022-02-24T04:31:40","guid":{"rendered":"https:\/\/www.vienthammyhana.com\/news\/"},"modified":"2022-11-07T15:13:55","modified_gmt":"2022-11-07T08:13:55","slug":"news","status":"publish","type":"page","link":"https:\/\/vienthammyhana.com\/en\/news\/","title":{"rendered":"NEWS"},"content":{"rendered":"<div class=\"fusion-fullwidth fullwidth-box fusion-builder-row-1 fusion-flex-container nonhundred-percent-fullwidth non-hundred-percent-height-scrolling\" style=\"background-color: rgba(255,255,255,0);background-position: center center;background-repeat: no-repeat;border-width: 0px 0px 0px 0px;border-color:#eae9e9;border-style:solid;\" ><div class=\"fusion-builder-row fusion-row fusion-flex-align-items-flex-start\" style=\"max-width:1216.8px;margin-left: calc(-4% \/ 2 );margin-right: calc(-4% \/ 2 );\"><div class=\"fusion-layout-column fusion_builder_column fusion-builder-column-0 fusion_builder_column_3_4 3_4 fusion-flex-column\"><div class=\"fusion-column-wrapper fusion-flex-justify-content-flex-start fusion-content-layout-column\" style=\"background-position:left top;background-repeat:no-repeat;-webkit-background-size:cover;-moz-background-size:cover;-o-background-size:cover;background-size:cover;padding: 0px 0px 0px 0px;\"><div class=\"fusion-recent-posts fusion-recent-posts-1 avada-container layout-default layout-columns-3\"><section class=\"fusion-columns columns fusion-columns-3 columns-3\"><article class=\"post fusion-column column col col-lg-4 col-md-4 col-sm-4\"><div class=\"fusion-flexslider fusion-flexslider-loading flexslider flexslider-hover-type-none\"><ul class=\"slides\"><li><a href=\"https:\/\/vienthammyhana.com\/en\/bao-ve-ban-than-mua-dich\/\" aria-label=\"PROTECT YOURSELF SUMMER\" class=\"hover-type-none\"><img decoding=\"async\" width=\"496\" height=\"441\" src=\"data:image\/svg+xml,%3Csvg%20xmlns%3D%27http%3A%2F%2Fwww.w3.org%2F2000%2Fsvg%27%20width%3D%27496%27%20height%3D%27495%27%20viewBox%3D%270%200%20496%20495%27%3E%3Crect%20width%3D%27496%27%20height%3D%27495%27%20fill-opacity%3D%220%22%2F%3E%3C%2Fsvg%3E\" class=\"attachment-recent-posts size-recent-posts lazyload\" alt=\"\" data-orig-src=\"https:\/\/vienthammyhana.com\/wp-content\/uploads\/2022\/02\/images2854195_tugo1_xebs-496x441.jpg\" \/><\/a><\/li><\/ul><\/div><div class=\"recent-posts-content\"><span class=\"vcard\" style=\"display: none;\"><span class=\"fn\"><a href=\"https:\/\/vienthammyhana.com\/en\/author\/admin_vienthammihaha\/\" title=\"Posts by admin\" rel=\"author\">admin<\/a><\/span><\/span><span class=\"updated\" style=\"display:none;\">2022-11-19T16:22:39+07:00<\/span><h4 class=\"entry-title\"><a href=\"https:\/\/vienthammyhana.com\/en\/bao-ve-ban-than-mua-dich\/\">PROTECT YOURSELF SUMMER<\/a><\/h4><p class=\"meta\"><span class=\"vcard\" style=\"display: none;\"><span class=\"fn\"><a href=\"https:\/\/vienthammyhana.com\/en\/author\/admin_vienthammihaha\/\" title=\"Posts by admin\" rel=\"author\">admin<\/a><\/span><\/span><span class=\"updated\" style=\"display:none;\">2022-11-19T16:22:39+07:00<\/span><span>February 24th, 2022<\/span><span class=\"fusion-inline-sep\">|<\/span><span class=\"fusion-comments\"><a href=\"https:\/\/vienthammyhana.com\/en\/bao-ve-ban-than-mua-dich\/#respond\">0 Comments<\/a><\/span><\/p><p> V\u00ec sao s\u00fac mi\u1ec7ng v\u00e0 c\u1ed5 h\u1ecdng l\u00e0 vi\u1ec7c n\u00ean l\u00e0m? Vi khu\u1ea9n v\u00f4 \u0111\u1ebfn c\u1ed5 h\u1ecdng th\u00ec dung [...]<\/p><\/div><\/article><article class=\"post fusion-column column col col-lg-4 col-md-4 col-sm-4\"><div class=\"fusion-flexslider fusion-flexslider-loading flexslider flexslider-hover-type-none\"><ul class=\"slides\"><li><a href=\"https:\/\/vienthammyhana.com\/en\/4-meo-cham-soc-da-mat-khi-bi-om\/\" aria-label=\"4 FACIAL CARE TIPS WHEN YOU ARE Sick\" class=\"hover-type-none\"><img decoding=\"async\" width=\"495\" height=\"441\" src=\"data:image\/svg+xml,%3Csvg%20xmlns%3D%27http%3A%2F%2Fwww.w3.org%2F2000%2Fsvg%27%20width%3D%27495%27%20height%3D%27495%27%20viewBox%3D%270%200%20495%20495%27%3E%3Crect%20width%3D%27495%27%20height%3D%27495%27%20fill-opacity%3D%220%22%2F%3E%3C%2Fsvg%3E\" class=\"attachment-recent-posts size-recent-posts lazyload\" alt=\"\" data-orig-src=\"https:\/\/vienthammyhana.com\/wp-content\/uploads\/2022\/02\/20211216_Cham-soc-da-co-ban-4-1-495x441.jpg\" \/><\/a><\/li><\/ul><\/div><div class=\"recent-posts-content\"><span class=\"vcard\" style=\"display: none;\"><span class=\"fn\"><a href=\"https:\/\/vienthammyhana.com\/en\/author\/admin_vienthammihaha\/\" title=\"Posts by admin\" rel=\"author\">admin<\/a><\/span><\/span><span class=\"updated\" style=\"display:none;\">2022-11-19T16:22:57+07:00<\/span><h4 class=\"entry-title\"><a href=\"https:\/\/vienthammyhana.com\/en\/4-meo-cham-soc-da-mat-khi-bi-om\/\">4 FACIAL CARE TIPS WHEN YOU ARE Sick<\/a><\/h4><p class=\"meta\"><span class=\"vcard\" style=\"display: none;\"><span class=\"fn\"><a href=\"https:\/\/vienthammyhana.com\/en\/author\/admin_vienthammihaha\/\" title=\"Posts by admin\" rel=\"author\">admin<\/a><\/span><\/span><span class=\"updated\" style=\"display:none;\">2022-11-19T16:22:57+07:00<\/span><span>February 24th, 2022<\/span><span class=\"fusion-inline-sep\">|<\/span><span class=\"fusion-comments\"><a href=\"https:\/\/vienthammyhana.com\/en\/4-meo-cham-soc-da-mat-khi-bi-om\/#respond\">0 Comments<\/a><\/span><\/p><p>Ch\u0103m s\u00f3c da m\u1eb7t khi \u1ed1m kh\u00f4ng ch\u1ec9 gi\u00fap b\u1ea1n t\u01b0\u01a1i t\u1eafn, xinh \u0111\u1eb9p m\u00e0 c\u00f2n g\u00f3p ph\u1ea7n quan tr\u1ecdng [...]<\/p><\/div><\/article><article class=\"post fusion-column column col col-lg-4 col-md-4 col-sm-4\"><div class=\"fusion-flexslider fusion-flexslider-loading flexslider flexslider-hover-type-none\"><ul class=\"slides\"><li><a href=\"https:\/\/vienthammyhana.com\/en\/4-thoi-diem-boi-kem-duong-da-tot-nhat-trong-ngay\/\" aria-label=\"4 BEST TIMES OF THE DAY TO USE CREAM\" class=\"hover-type-none\"><img decoding=\"async\" width=\"600\" height=\"441\" src=\"data:image\/svg+xml,%3Csvg%20xmlns%3D%27http%3A%2F%2Fwww.w3.org%2F2000%2Fsvg%27%20width%3D%27600%27%20height%3D%27450%27%20viewBox%3D%270%200%20600%20450%27%3E%3Crect%20width%3D%27600%27%20height%3D%27450%27%20fill-opacity%3D%220%22%2F%3E%3C%2Fsvg%3E\" class=\"attachment-recent-posts size-recent-posts lazyload\" alt=\"\" data-orig-src=\"https:\/\/vienthammyhana.com\/wp-content\/uploads\/2022\/02\/kem-duong-da-ban-ngay-Dr-Spiller-Vitamin-C-Plus-Cream-Light-7-1-600x441.jpg\" \/><\/a><\/li><\/ul><\/div><div class=\"recent-posts-content\"><span class=\"vcard\" style=\"display: none;\"><span class=\"fn\"><a href=\"https:\/\/vienthammyhana.com\/en\/author\/admin_vienthammihaha\/\" title=\"Posts by admin\" rel=\"author\">admin<\/a><\/span><\/span><span class=\"updated\" style=\"display:none;\">2022-11-19T16:23:20+07:00<\/span><h4 class=\"entry-title\"><a href=\"https:\/\/vienthammyhana.com\/en\/4-thoi-diem-boi-kem-duong-da-tot-nhat-trong-ngay\/\">4 BEST TIMES OF THE DAY TO USE CREAM<\/a><\/h4><p class=\"meta\"><span class=\"vcard\" style=\"display: none;\"><span class=\"fn\"><a href=\"https:\/\/vienthammyhana.com\/en\/author\/admin_vienthammihaha\/\" title=\"Posts by admin\" rel=\"author\">admin<\/a><\/span><\/span><span class=\"updated\" style=\"display:none;\">2022-11-19T16:23:20+07:00<\/span><span>February 24th, 2022<\/span><span class=\"fusion-inline-sep\">|<\/span><span class=\"fusion-comments\"><a href=\"https:\/\/vienthammyhana.com\/en\/4-thoi-diem-boi-kem-duong-da-tot-nhat-trong-ngay\/#respond\">0 Comments<\/a><\/span><\/p><p> \u0110\u1ec3 h\u1ea5p th\u1ee5 th\u1eadt t\u1ed1t kem d\u01b0\u1ee1ng da ch\u1ecb em c\u1ea7n l\u01b0u \u00fd t\u1edbi th\u1eddi \u0111i\u1ec3m \u0111\u1ec3 d\u00f9ng kem [...]<\/p><\/div><\/article><article class=\"post fusion-column column col col-lg-4 col-md-4 col-sm-4\"><div class=\"fusion-flexslider fusion-flexslider-loading flexslider flexslider-hover-type-none\"><ul class=\"slides\"><li><a href=\"https:\/\/vienthammyhana.com\/en\/4-sai-lam-nghiem-trong-khi-su-dung-nuoc-hoa-hong\/\" aria-label=\"4 SERIOUS Mistakes When Using Rose Water\" class=\"hover-type-none\"><img decoding=\"async\" width=\"700\" height=\"441\" src=\"https:\/\/vienthammyhana.com\/wp-content\/uploads\/2022\/02\/su-dung-nuoc-hoa-hong-1-700x441.jpg\" class=\"attachment-recent-posts size-recent-posts lazyload\" alt=\"\" srcset=\"data:image\/svg+xml,%3Csvg%20xmlns%3D%27http%3A%2F%2Fwww.w3.org%2F2000%2Fsvg%27%20width%3D%27700%27%20height%3D%27525%27%20viewBox%3D%270%200%20700%20525%27%3E%3Crect%20width%3D%27700%27%20height%3D%27525%27%20fill-opacity%3D%220%22%2F%3E%3C%2Fsvg%3E\" data-orig-src=\"https:\/\/vienthammyhana.com\/wp-content\/uploads\/2022\/02\/su-dung-nuoc-hoa-hong-1-700x441.jpg\" data-srcset=\"https:\/\/vienthammyhana.com\/wp-content\/uploads\/2022\/02\/su-dung-nuoc-hoa-hong-1-320x202.jpg 320w, https:\/\/vienthammyhana.com\/wp-content\/uploads\/2022\/02\/su-dung-nuoc-hoa-hong-1-700x441.jpg 700w\" data-sizes=\"auto\" \/><\/a><\/li><\/ul><\/div><div class=\"recent-posts-content\"><span class=\"vcard\" style=\"display: none;\"><span class=\"fn\"><a href=\"https:\/\/vienthammyhana.com\/en\/author\/admin_vienthammihaha\/\" title=\"Posts by admin\" rel=\"author\">admin<\/a><\/span><\/span><span class=\"updated\" style=\"display:none;\">2022-11-19T16:23:34+07:00<\/span><h4 class=\"entry-title\"><a href=\"https:\/\/vienthammyhana.com\/en\/4-sai-lam-nghiem-trong-khi-su-dung-nuoc-hoa-hong\/\">4 SERIOUS Mistakes When Using Rose Water<\/a><\/h4><p class=\"meta\"><span class=\"vcard\" style=\"display: none;\"><span class=\"fn\"><a href=\"https:\/\/vienthammyhana.com\/en\/author\/admin_vienthammihaha\/\" title=\"Posts by admin\" rel=\"author\">admin<\/a><\/span><\/span><span class=\"updated\" style=\"display:none;\">2022-11-19T16:23:34+07:00<\/span><span>February 24th, 2022<\/span><span class=\"fusion-inline-sep\">|<\/span><span class=\"fusion-comments\"><a href=\"https:\/\/vienthammyhana.com\/en\/4-sai-lam-nghiem-trong-khi-su-dung-nuoc-hoa-hong\/#respond\">0 Comments<\/a><\/span><\/p><p> R\u1ea5t nhi\u1ec1u ch\u1ecb em ph\u1ee5 n\u1eef th\u00edch d\u00f9ng n\u01b0\u1edbc hoa h\u1ed3ng nh\u01b0ng kh\u00f4ng ph\u1ea3i ai c\u0169ng s\u1eed d\u1ee5ng n\u01b0\u1edbc [...]<\/p><\/div><\/article><article class=\"post fusion-column column col col-lg-4 col-md-4 col-sm-4\"><div class=\"fusion-flexslider fusion-flexslider-loading flexslider flexslider-hover-type-none\"><ul class=\"slides\"><li><a href=\"https:\/\/vienthammyhana.com\/en\/revs-mesotherapy-cay-cang-bong-nang-co-tre-hoa-da\/\" aria-label=\"REVS MESOTHERAPY \u2013 C\u1ea4Y C\u0102NG B\u00d3NG N\u00c2NG C\u01a0 TR\u1eba HO\u00c1 DA\" class=\"hover-type-none\"><img decoding=\"async\" width=\"700\" height=\"441\" src=\"https:\/\/vienthammyhana.com\/wp-content\/uploads\/2022\/02\/DIEU-TRI-TIEM-MESOTHERAPY-\u2013-CAY-CANG-BONG-TRE-HOA-700x441.jpg\" class=\"attachment-recent-posts size-recent-posts lazyload\" alt=\"\" srcset=\"data:image\/svg+xml,%3Csvg%20xmlns%3D%27http%3A%2F%2Fwww.w3.org%2F2000%2Fsvg%27%20width%3D%272048%27%20height%3D%271367%27%20viewBox%3D%270%200%202048%201367%27%3E%3Crect%20width%3D%272048%27%20height%3D%271367%27%20fill-opacity%3D%220%22%2F%3E%3C%2Fsvg%3E\" data-orig-src=\"https:\/\/vienthammyhana.com\/wp-content\/uploads\/2022\/02\/DIEU-TRI-TIEM-MESOTHERAPY-\u2013-CAY-CANG-BONG-TRE-HOA-700x441.jpg\" data-srcset=\"https:\/\/vienthammyhana.com\/wp-content\/uploads\/2022\/02\/DIEU-TRI-TIEM-MESOTHERAPY-\u2013-CAY-CANG-BONG-TRE-HOA-320x202.jpg 320w, https:\/\/vienthammyhana.com\/wp-content\/uploads\/2022\/02\/DIEU-TRI-TIEM-MESOTHERAPY-\u2013-CAY-CANG-BONG-TRE-HOA-700x441.jpg 700w\" data-sizes=\"auto\" \/><\/a><\/li><\/ul><\/div><div class=\"recent-posts-content\"><span class=\"vcard\" style=\"display: none;\"><span class=\"fn\"><a href=\"https:\/\/vienthammyhana.com\/en\/author\/admin_vienthammihaha\/\" title=\"Posts by admin\" rel=\"author\">admin<\/a><\/span><\/span><span class=\"updated\" style=\"display:none;\">2022-11-19T16:23:55+07:00<\/span><h4 class=\"entry-title\"><a href=\"https:\/\/vienthammyhana.com\/en\/revs-mesotherapy-cay-cang-bong-nang-co-tre-hoa-da\/\">REVS MESOTHERAPY \u2013 C\u1ea4Y C\u0102NG B\u00d3NG N\u00c2NG C\u01a0 TR\u1eba HO\u00c1 DA<\/a><\/h4><p class=\"meta\"><span class=\"vcard\" style=\"display: none;\"><span class=\"fn\"><a href=\"https:\/\/vienthammyhana.com\/en\/author\/admin_vienthammihaha\/\" title=\"Posts by admin\" rel=\"author\">admin<\/a><\/span><\/span><span class=\"updated\" style=\"display:none;\">2022-11-19T16:23:55+07:00<\/span><span>February 24th, 2022<\/span><span class=\"fusion-inline-sep\">|<\/span><span class=\"fusion-comments\"><a href=\"https:\/\/vienthammyhana.com\/en\/revs-mesotherapy-cay-cang-bong-nang-co-tre-hoa-da\/#respond\">0 Comments<\/a><\/span><\/p><p> \ud83d\udd25\ud83c\udf31HOT NH\u1ea4T T\u1ea0I VTM HANA-h\u00e3y c\u00f9ng v\u1edbi b\u00e1c s\u0129 H\u1ed3ng C\u1ea9m tr\u1ea3i nghi\u1ec7m li\u1ec7u ph\u00e1p \u201c l\u00e3o h\u00f3a ng\u01b0\u1ee3c\u201dc\u00f4ng [...]<\/p><\/div><\/article><\/section><\/div><\/div><style type=\"text\/css\">.fusion-body .fusion-builder-column-0{width:75% !important;margin-top : 20px;margin-bottom : 20px;}.fusion-builder-column-0 > .fusion-column-wrapper {padding-top : 0px !important;padding-right : 0px !important;margin-right : 2.56%;padding-bottom : 0px !important;padding-left : 0px !important;margin-left : 2.56%;}@media only screen and (max-width:1050px) {.fusion-body .fusion-builder-column-0{width:100% !important;order : 0;}.fusion-builder-column-0 > .fusion-column-wrapper {margin-right : 1.92%;margin-left : 1.92%;}}@media only screen and (max-width:640px) {.fusion-body .fusion-builder-column-0{width:100% !important;order : 0;}.fusion-builder-column-0 > .fusion-column-wrapper {margin-right : 1.92%;margin-left : 1.92%;}}<\/style><\/div><div class=\"fusion-layout-column fusion_builder_column fusion-builder-column-1 fusion_builder_column_1_4 1_4 fusion-flex-column\"><div class=\"fusion-column-wrapper fusion-flex-justify-content-flex-start fusion-content-layout-column\" style=\"background-position:left top;background-repeat:no-repeat;-webkit-background-size:cover;-moz-background-size:cover;-o-background-size:cover;background-size:cover;padding: 0px 0px 0px 0px;\"><div class=\"fusion-widget-area fusion-widget-area-1 fusion-content-widget-area\"><style type=\"text\/css\">.fusion-widget-area-1 {padding:0px 0px 0px 0px;}.fusion-widget-area-1 .widget h4 {color:#6f727b;}.fusion-widget-area-1 .widget .heading h4 {color:#6f727b;}.fusion-widget-area-1 .widget h4 {font-size:20px;}.fusion-widget-area-1 .widget .heading h4 {font-size:20px;}<\/style><section id=\"search-3\" class=\"widget widget_search\" style=\"border-style: solid;border-color:transparent;border-width:0px;\"><div class=\"heading\"><h4 class=\"widget-title\">T\u00ecm Ki\u1ebfm<\/h4><\/div>\t\t<form role=\"search\" class=\"searchform fusion-search-form  fusion-search-form-classic\" method=\"get\" action=\"https:\/\/vienthammyhana.com\/en\/\">\n\t\t\t<div class=\"fusion-search-form-content\">\n\n\t\t\t\t\n\t\t\t\t<div class=\"fusion-search-field search-field\">\n\t\t\t\t\t<label><span class=\"screen-reader-text\">Search for:<\/span>\n\t\t\t\t\t\t\t\t\t\t\t\t\t<input type=\"search\" value=\"\" name=\"s\" class=\"s\" placeholder=\"Search...\" required aria-required=\"true\" aria-label=\"Search...\"\/>\n\t\t\t\t\t\t\t\t\t\t\t<\/label>\n\t\t\t\t<\/div>\n\t\t\t\t<div class=\"fusion-search-button search-button\">\n\t\t\t\t\t<input type=\"submit\" class=\"fusion-search-submit searchsubmit\" aria-label=\"Search\" value=\"&#xf002;\" \/>\n\t\t\t\t\t\t\t\t\t<\/div>\n\n\t\t\t\t\n\t\t\t<\/div>\n\n\n\t\t\t\n\t\t<\/form>\n\t\t<\/section><section id=\"categories-2\" class=\"widget widget_categories\" style=\"border-style: solid;border-color:transparent;border-width:0px;\"><div class=\"heading\"><h4 class=\"widget-title\">Chuy\u00ean M\u1ee5c<\/h4><\/div>\n\t\t\t<ul>\n\t\t\t\t\t<li class=\"cat-item cat-item-85\"><a href=\"https:\/\/vienthammyhana.com\/en\/category\/news\/\">News<\/a>\n<\/li>\n\t\t\t<\/ul>\n\n\t\t\t<\/section>\n\t\t<section id=\"recent-posts-3\" class=\"widget widget_recent_entries\" style=\"border-style: solid;border-color:transparent;border-width:0px;\">\n\t\t<div class=\"heading\"><h4 class=\"widget-title\">B\u00e0i Vi\u1ebft M\u1edbi<\/h4><\/div>\n\t\t<ul>\n\t\t\t\t\t\t\t\t\t\t\t<li>\n\t\t\t\t\t<a href=\"https:\/\/vienthammyhana.com\/en\/bao-ve-ban-than-mua-dich\/\">PROTECT YOURSELF SUMMER<\/a>\n\t\t\t\t\t\t\t\t\t<\/li>\n\t\t\t\t\t\t\t\t\t\t\t<li>\n\t\t\t\t\t<a href=\"https:\/\/vienthammyhana.com\/en\/4-meo-cham-soc-da-mat-khi-bi-om\/\">4 FACIAL CARE TIPS WHEN YOU ARE Sick<\/a>\n\t\t\t\t\t\t\t\t\t<\/li>\n\t\t\t\t\t\t\t\t\t\t\t<li>\n\t\t\t\t\t<a href=\"https:\/\/vienthammyhana.com\/en\/4-thoi-diem-boi-kem-duong-da-tot-nhat-trong-ngay\/\">4 BEST TIMES OF THE DAY TO USE CREAM<\/a>\n\t\t\t\t\t\t\t\t\t<\/li>\n\t\t\t\t\t\t\t\t\t\t\t<li>\n\t\t\t\t\t<a href=\"https:\/\/vienthammyhana.com\/en\/4-sai-lam-nghiem-trong-khi-su-dung-nuoc-hoa-hong\/\">4 SERIOUS Mistakes When Using Rose Water<\/a>\n\t\t\t\t\t\t\t\t\t<\/li>\n\t\t\t\t\t\t\t\t\t\t\t<li>\n\t\t\t\t\t<a href=\"https:\/\/vienthammyhana.com\/en\/revs-mesotherapy-cay-cang-bong-nang-co-tre-hoa-da\/\">REVS MESOTHERAPY \u2013 C\u1ea4Y C\u0102NG B\u00d3NG N\u00c2NG C\u01a0 TR\u1eba HO\u00c1 DA<\/a>\n\t\t\t\t\t\t\t\t\t<\/li>\n\t\t\t\t\t<\/ul>\n\n\t\t<\/section><div class=\"fusion-additional-widget-content\"><\/div><\/div><\/div><style type=\"text\/css\">.fusion-body .fusion-builder-column-1{width:25% !important;margin-top : 20px;margin-bottom : 20px;}.fusion-builder-column-1 > .fusion-column-wrapper {padding-top : 0px !important;padding-right : 0px !important;margin-right : 7.68%;padding-bottom : 0px !important;padding-left : 0px !important;margin-left : 7.68%;}@media only screen and (max-width:1050px) {.fusion-body .fusion-builder-column-1{width:100% !important;order : 0;}.fusion-builder-column-1 > .fusion-column-wrapper {margin-right : 1.92%;margin-left : 1.92%;}}@media only screen and (max-width:640px) {.fusion-body .fusion-builder-column-1{width:100% !important;order : 0;}.fusion-builder-column-1 > .fusion-column-wrapper {margin-right : 1.92%;margin-left : 1.92%;}}<\/style><\/div><\/div><style type=\"text\/css\">.fusion-body .fusion-flex-container.fusion-builder-row-1{ padding-top : 0px;margin-top : 0px;padding-right : 0px;padding-bottom : 0px;margin-bottom : 0px;padding-left : 0px;}<\/style><\/div>\n","protected":false},"excerpt":{"rendered":"","protected":false},"author":1,"featured_media":0,"parent":0,"menu_order":0,"comment_status":"closed","ping_status":"closed","template":"100-width.php","meta":{"footnotes":""},"class_list":["post-1779","page","type-page","status-publish","hentry"],"_links":{"self":[{"href":"https:\/\/vienthammyhana.com\/en\/wp-json\/wp\/v2\/pages\/1779","targetHints":{"allow":["GET"]}}],"collection":[{"href":"https:\/\/vienthammyhana.com\/en\/wp-json\/wp\/v2\/pages"}],"about":[{"href":"https:\/\/vienthammyhana.com\/en\/wp-json\/wp\/v2\/types\/page"}],"author":[{"embeddable":true,"href":"https:\/\/vienthammyhana.com\/en\/wp-json\/wp\/v2\/users\/1"}],"replies":[{"embeddable":true,"href":"https:\/\/vienthammyhana.com\/en\/wp-json\/wp\/v2\/comments?post=1779"}],"version-history":[{"count":2,"href":"https:\/\/vienthammyhana.com\/en\/wp-json\/wp\/v2\/pages\/1779\/revisions"}],"predecessor-version":[{"id":1853,"href":"https:\/\/vienthammyhana.com\/en\/wp-json\/wp\/v2\/pages\/1779\/revisions\/1853"}],"wp:attachment":[{"href":"https:\/\/vienthammyhana.com\/en\/wp-json\/wp\/v2\/media?parent=1779"}],"curies":[{"name":"wp","href":"https:\/\/api.w.org\/{rel}","templated":true}]}}